{"id":4658,"date":"2016-01-11T12:54:07","date_gmt":"2016-01-11T12:54:07","guid":{"rendered":"http:\/\/ellascomunicacion.com\/contacto-2"},"modified":"2024-12-10T08:14:49","modified_gmt":"2024-12-10T08:14:49","slug":"contacto","status":"publish","type":"page","link":"https:\/\/ellascomunicacion.com\/en\/contacto","title":{"rendered":"Contact us"},"content":{"rendered":"<p>[vc_row][vc_column]<div class=\"to-spacer \" style=\"height:72px\"><\/div>[vc_single_image image=&#8221;3955&#8243; img_size=&#8221;full&#8221; alignment=&#8221;center&#8221;]<div class=\"to-spacer \" style=\"height:29px\"><\/div>[vc_column_text]<\/p>\n<p style=\"text-align: center;\"><strong>Experts <\/strong>in communication and promotion in cultural and artistic industries<\/p>\n<p>[\/vc_column_text]<div class=\"to-divider-holder\"><div class=\"to-divider\" style=\"width:50%;border-top:1px solid #f2eded;\"><\/div><\/div>[\/vc_column][\/vc_row][vc_row][vc_column]<div class=\"to-spacer \" style=\"height:42px\"><\/div>[\/vc_column][\/vc_row][vc_row][vc_column width=&#8221;1\/3&#8243; delay=&#8221;0ms&#8221; css=&#8221;.vc_custom_1452521769939{padding-top: 0px !important;padding-right: 0px !important;padding-bottom: 0px !important;padding-left: 0px !important;}&#8221;][vc_column_text]<\/p>\n<h3 style=\"text-align: center;\">Deborah Palomo<\/h3>\n<h4 style=\"text-align: center;\"><a href=\"mailto:deborah@ellascomunicacion.com\">deborah@ellascomunicacion.com<\/a><\/h4>\n<p>[\/vc_column_text]<div class=\"to-spacer \" style=\"height:36px\"><\/div><div class=\"to-divider-holder\"><div class=\"to-divider\" style=\"width:50%;border-top:1px solid #00A6E2;\"><\/div><\/div>[\/vc_column][vc_column width=&#8221;1\/3&#8243; delay=&#8221;0ms&#8221; css=&#8221;.vc_custom_1452521779576{padding-top: 0px !important;padding-right: 0px !important;padding-bottom: 0px !important;padding-left: 0px !important;}&#8221;][vc_column_text]<\/p>\n<h3 style=\"text-align: center;\">Elio Segu\u00ed<\/h3>\n<h4 style=\"text-align: center;\"><a href=\"mailto:elio@ellascomunicacion.com\">elio@ellascomunicacion.com<\/a><\/h4>\n<p>[\/vc_column_text]<div class=\"to-spacer \" style=\"height:36px\"><\/div><div class=\"to-divider-holder\"><div class=\"to-divider\" style=\"width:50%;border-top:1px solid #00A6E2;\"><\/div><\/div>[\/vc_column][vc_column width=&#8221;1\/3&#8243; delay=&#8221;0ms&#8221; css=&#8221;.vc_custom_1452521787840{padding-top: 0px !important;padding-right: 0px !important;padding-bottom: 0px !important;padding-left: 0px !important;}&#8221;][vc_column_text]<\/p>\n<h3 style=\"text-align: center;\">Nuria Terr\u00f3n<\/h3>\n<h4 style=\"text-align: center;\"><a href=\"mailto:nuria@ellascomunicacion.com\">nuria@ellascomunicacion.com<\/a><\/h4>\n<p>[\/vc_column_text]<div class=\"to-spacer \" style=\"height:36px\"><\/div><div class=\"to-divider-holder\"><div class=\"to-divider\" style=\"width:50%;border-top:1px solid #00A6E2;\"><\/div><\/div>[\/vc_column][\/vc_row][vc_row][vc_column]<div class=\"to-spacer \" style=\"height:88px\"><\/div>[\/vc_column][\/vc_row][vc_row][vc_column delay=&#8221;0ms&#8221; css=&#8221;.vc_custom_1455609440290{padding-right: 36px !important;}&#8221;][vc_column_text]<\/p>\n<h2>Contact Form<\/h2>\n<p>If you have any questions, please get in touch. We will be delighted to help![\/vc_column_text]\n<div class=\"wpcf7 no-js\" id=\"wpcf7-f4673-o1\" lang=\"es-ES\" dir=\"ltr\" data-wpcf7-id=\"4673\">\n<div class=\"screen-reader-response\"><p role=\"status\" aria-live=\"polite\" aria-atomic=\"true\"><\/p> <ul><\/ul><\/div>\n<form action=\"\/en\/wp-json\/wp\/v2\/pages\/4658#wpcf7-f4673-o1\" method=\"post\" class=\"wpcf7-form init\" aria-label=\"Formulario de contacto\" novalidate=\"novalidate\" data-status=\"init\">\n<fieldset class=\"hidden-fields-container\"><input type=\"hidden\" name=\"_wpcf7\" value=\"4673\" \/><input type=\"hidden\" name=\"_wpcf7_version\" value=\"6.1.4\" \/><input type=\"hidden\" name=\"_wpcf7_locale\" value=\"es_ES\" \/><input type=\"hidden\" name=\"_wpcf7_unit_tag\" value=\"wpcf7-f4673-o1\" \/><input type=\"hidden\" name=\"_wpcf7_container_post\" value=\"0\" \/><input type=\"hidden\" name=\"_wpcf7_posted_data_hash\" value=\"\" \/>\n<\/fieldset>\n<p>Name (compulsory)\n<\/p>\n<p><span class=\"wpcf7-form-control-wrap\" data-name=\"your-name\"><input size=\"40\" maxlength=\"400\" class=\"wpcf7-form-control wpcf7-text wpcf7-validates-as-required\" aria-required=\"true\" aria-invalid=\"false\" value=\"\" type=\"text\" name=\"your-name\" \/><\/span>\n<\/p>\n<p>Email (compulsory)\n<\/p>\n<p><span class=\"wpcf7-form-control-wrap\" data-name=\"your-email\"><input size=\"40\" maxlength=\"400\" class=\"wpcf7-form-control wpcf7-email wpcf7-validates-as-required wpcf7-text wpcf7-validates-as-email\" aria-required=\"true\" aria-invalid=\"false\" value=\"\" type=\"email\" name=\"your-email\" \/><\/span>\n<\/p>\n<p>Subject\n<\/p>\n<p><span class=\"wpcf7-form-control-wrap\" data-name=\"your-subject\"><input size=\"40\" maxlength=\"400\" class=\"wpcf7-form-control wpcf7-text\" aria-invalid=\"false\" value=\"\" type=\"text\" name=\"your-subject\" \/><\/span>\n<\/p>\n<p>Message\n<\/p>\n<p><span class=\"wpcf7-form-control-wrap\" data-name=\"your-message\"><textarea cols=\"40\" rows=\"10\" maxlength=\"2000\" class=\"wpcf7-form-control wpcf7-textarea\" aria-invalid=\"false\" name=\"your-message\"><\/textarea><\/span>\n<\/p>\n<table class=\"simple small\">\n\t<thead>\n\t\t<th colspan=\"2\">\n\t\t\t<p>INFORMACI\u00d3N B\u00c1SICA SOBRE LA POL\u00cdTICA DE PRIVACIDAD DE ELLAS COMUNICACI\u00d3N S.L.\n\t\t\t<\/p>\n\t\t<\/th>\n\t<\/thead>\n\t<tbody>\n\t\t<tr>\n\t\t\t<td valign=\"top\" colspan=\"2\">\n\t\t\t\t<p>In fulfillment of the Information legal duty established in the article 13 of the Regulation (EU) 2016\/679 and article 11 Organic law 3\/2018, of December 5, of Protection of Personal Data Information LOPDGDD, You are given the following basic information relative to the personal data given.\n\t\t\t\t<\/p>\n\t\t\t<\/td>\n\t\t<\/tr>\n\t\t<tr>\n\t\t\t<td valign=\"top\">\n\t\t\t\t<p>Responsible\n\t\t\t\t<\/p>\n\t\t\t<\/td>\n\t\t\t<td valign=\"top\">\n\t\t\t\t<p>ELLAS COMUNICACI\u00d3N S.L.\n\t\t\t\t<\/p>\n\t\t\t<\/td>\n\t\t<\/tr>\n\t\t<tr>\n\t\t\t<td valign=\"top\">\n\t\t\t\t<p>Purpose\n\t\t\t\t<\/p>\n\t\t\t<\/td>\n\t\t\t<td valign=\"top\">\n\t\t\t\t<p>To give the services offered across the web or to attend to other types of relations that could arise with ELLAS COMUNICACI\u00d3N S.L. as consequence of the requests, negotiations or steps that the User realizes by means of the web, as well as the management of sending information and commercial communications by request of the user.\n\t\t\t\t<\/p>\n\t\t\t<\/td>\n\t\t<\/tr>\n\t\t<tr>\n\t\t\t<td valign=\"top\">\n\t\t\t\t<p>Legitimization\n\t\t\t\t<\/p>\n\t\t\t<\/td>\n\t\t\t<td valign=\"top\">\n\t\t\t\t<p>Organic law 3\/2018, of December 5, of Protection of Personal Data Information (in forward, \u201cLOPDGDD\u201d), Regulation (EU) 2016\/679 of the PE and of the Council of April 27, 2016, which procedures will be of obliged fulfillment from May, 2018.\n\t\t\t\t<\/p>\n\t\t\t<\/td>\n\t\t<\/tr>\n\t\t<tr>\n\t\t\t<td valign=\"top\">\n\t\t\t\t<p>Addressee\n\t\t\t\t<\/p>\n\t\t\t<\/td>\n\t\t\t<td valign=\"top\">\n\t\t\t\t<p>Internal automated file of ELLAS COMUNICACI\u00d3N S.L. and third parties for the development, maintenance and control of the juridical relation that is established when legal authorization exists from the user to do it.\n\t\t\t\t<\/p>\n\t\t\t<\/td>\n\t\t<\/tr>\n\t\t<tr>\n\t\t\t<td valign=\"top\">\n\t\t\t\t<p>Rights\n\t\t\t\t<\/p>\n\t\t\t<\/td>\n\t\t\t<td valign=\"top\">\n\t\t\t\t<p>Access, rectification, transfer, opposition and right to the oblivion. <a href=\"\/en\/privacy-policy\">+info<\/a>\n\t\t\t\t<\/p>\n\t\t\t<\/td>\n\t\t<\/tr>\n\t\t<tr>\n\t\t\t<td valign=\"top\">\n\t\t\t\t<p>Additional Information\n\t\t\t\t<\/p>\n\t\t\t<\/td>\n\t\t\t<td valign=\"top\">\n\t\t\t\t<p>You can obtain the whole additional and detailed Information that you need on the treatment and protection of your personal information and the Privacy and Cookies Policy on the link <a href=\"\/en\/privacy-policy\">+info<\/a>.\n\t\t\t\t<\/p>\n\t\t\t<\/td>\n\t\t<\/tr>\n\t<\/tbody>\n<\/table>\n<p><span class=\"wpcf7-form-control-wrap\" data-name=\"acceptance-848\"><span class=\"wpcf7-form-control wpcf7-acceptance\"><span class=\"wpcf7-list-item\"><input type=\"checkbox\" name=\"acceptance-848\" value=\"1\" aria-invalid=\"false\" \/><\/span><\/span><\/span> By pressing \"Send\", I accept the Ellas Comunicaci\u00f3n <a href=\"\/en\/privacy-policy\" style=\"text-decoration:underline;\" target=\"_blank\"> Privacy Policy<\/a>.\n<\/p>\n<p>[recaptcha]\n<\/p>\n<p>&nbsp;\n<\/p>\n<p><input class=\"wpcf7-form-control wpcf7-submit has-spinner\" type=\"submit\" value=\"Send\" \/>\n<\/p><div class=\"wpcf7-response-output\" aria-hidden=\"true\"><\/div>\n<\/form>\n<\/div>\n[\/vc_column][\/vc_row][vc_row][vc_column]<div class=\"to-spacer \" style=\"height:39px\"><\/div>[\/vc_column][\/vc_row][vc_row to_section_layout=&#8221;full-width&#8221; to_para_bg=&#8221;image&#8221; to_para_img=&#8221;\/wp-content\/uploads\/2016\/01\/contact-img-principalv2.jpg&#8221; css=&#8221;.vc_custom_1610529936502{padding-top: 200px !important;padding-bottom: 200px !important;}&#8221;][vc_column][\/vc_column][\/vc_row]<\/p>\n","protected":false},"excerpt":{"rendered":"<p>[vc_row][vc_column][vc_single_image image=&#8221;3955&#8243; img_size=&#8221;full&#8221; alignment=&#8221;center&#8221;][vc_column_text] Experts in communication and promotion in cultural and artistic industries [\/vc_column_text][\/vc_column][\/vc_row][vc_row][vc_column][\/vc_column][\/vc_row][vc_row][vc_column width=&#8221;1\/3&#8243; delay=&#8221;0ms&#8221; css=&#8221;.vc_custom_1452521769939{padding-top: 0px !important;padding-right: 0px !important;padding-bottom: 0px !important;padding-left: 0px !important;}&#8221;][vc_column_text] Deborah Palomo deborah@ellascomunicacion.com [\/vc_column_text][\/vc_column][vc_column width=&#8221;1\/3&#8243; delay=&#8221;0ms&#8221; css=&#8221;.vc_custom_1452521779576{padding-top: 0px !important;padding-right: 0px !important;padding-bottom: 0px !important;padding-left: 0px !important;}&#8221;][vc_column_text] Elio Segu\u00ed elio@ellascomunicacion.com [\/vc_column_text][\/vc_column][vc_column width=&#8221;1\/3&#8243; delay=&#8221;0ms&#8221; css=&#8221;.vc_custom_1452521787840{padding-top: 0px !important;padding-right: 0px !important;padding-bottom: 0px !important;padding-left: 0px !important;}&#8221;][vc_column_text] Nuria Terr\u00f3n nuria@ellascomunicacion.com [\/vc_column_text][\/vc_column][\/vc_row][vc_row][vc_column][\/vc_column][\/vc_row][vc_row][vc_column delay=&#8221;0ms&#8221; css=&#8221;.vc_custom_1455609440290{padding-right: 36px !important;}&#8221;][vc_column_text] Contact Form If you have any questions, please get in touch. We will be delighted to help![\/vc_column_text][\/vc_column][\/vc_row][vc_row][vc_column][\/vc_column][\/vc_row][vc_row to_section_layout=&#8221;full-width&#8221; to_para_bg=&#8221;image&#8221; to_para_img=&#8221;\/wp-content\/uploads\/2016\/01\/contact-img-principalv2.jpg&#8221; css=&#8221;.vc_custom_1610529936502{padding-top: 200px !important;padding-bottom: 200px !important;}&#8221;][vc_column][\/vc_column][\/vc_row]<\/p>\n","protected":false},"author":2,"featured_media":0,"parent":0,"menu_order":0,"comment_status":"closed","ping_status":"closed","template":"","meta":{"footnotes":""},"class_list":["post-4658","page","type-page","status-publish","hentry"],"_links":{"self":[{"href":"https:\/\/ellascomunicacion.com\/en\/wp-json\/wp\/v2\/pages\/4658","targetHints":{"allow":["GET"]}}],"collection":[{"href":"https:\/\/ellascomunicacion.com\/en\/wp-json\/wp\/v2\/pages"}],"about":[{"href":"https:\/\/ellascomunicacion.com\/en\/wp-json\/wp\/v2\/types\/page"}],"author":[{"embeddable":true,"href":"https:\/\/ellascomunicacion.com\/en\/wp-json\/wp\/v2\/users\/2"}],"replies":[{"embeddable":true,"href":"https:\/\/ellascomunicacion.com\/en\/wp-json\/wp\/v2\/comments?post=4658"}],"version-history":[{"count":7,"href":"https:\/\/ellascomunicacion.com\/en\/wp-json\/wp\/v2\/pages\/4658\/revisions"}],"predecessor-version":[{"id":10239,"href":"https:\/\/ellascomunicacion.com\/en\/wp-json\/wp\/v2\/pages\/4658\/revisions\/10239"}],"wp:attachment":[{"href":"https:\/\/ellascomunicacion.com\/en\/wp-json\/wp\/v2\/media?parent=4658"}],"curies":[{"name":"wp","href":"https:\/\/api.w.org\/{rel}","templated":true}]}}