{"id":4651,"date":"2016-04-07T14:37:59","date_gmt":"2016-04-07T14:37:59","guid":{"rendered":"http:\/\/ellascomunicacion.com\/?page_id=4651"},"modified":"2017-01-20T10:29:55","modified_gmt":"2017-01-20T10:29:55","slug":"nuestra-filosofia-2","status":"publish","type":"page","link":"https:\/\/ellascomunicacion.com\/en\/nuestra-filosofia-2","title":{"rendered":"Our philosophy"},"content":{"rendered":"<p>[vc_row][vc_column]<div class=\"to-spacer \" style=\"height:72px\"><\/div>[vc_single_image image=&#8221;3957&#8243; img_size=&#8221;full&#8221; alignment=&#8221;center&#8221;]<div class=\"to-spacer \" style=\"height:29px\"><\/div>[vc_column_text]<\/p>\n<p style=\"text-align: center;\"><strong>Experts <\/strong>in communication and promotion in cultural and artistic industries<\/p>\n<p>[\/vc_column_text]<div class=\"to-divider-holder\"><div class=\"to-divider\" style=\"width:50%;border-top:1px solid #f2eded;\"><\/div><\/div>[\/vc_column][\/vc_row][vc_row css=&#8221;.vc_custom_1452854373833{padding-top: 90px !important;padding-bottom: 50px !important;background-color: #ffc803 !important;}&#8221;][vc_column][vc_row_inner][vc_column_inner width=&#8221;1\/2&#8243;][vc_column_text]<\/p>\n<h1>essence. (From Lat. essent\u012da)<\/h1>\n<p style=\"color: #000;\">The inherent, unchanging nature of a thing or class of things. The intrinsic or indispensable properties that serve to characterize or identify something.<\/p>\n<p>[\/vc_column_text][vc_column_text]<\/p>\n<h3 style=\"font-size: 16px; text-align: left;\">\u201cAt ELLAS, we believe that the key lies in stripping an idea all the way down to its essence, and using that essence to build the communication strategy that each project requires.\u201d<\/h3>\n<p>[\/vc_column_text]<div class=\"to-spacer \" style=\"height:52px\"><\/div>[vc_column_text]<\/p>\n<p style=\"text-align: justify; color: #fff;\">In an increasingly homogeneous yet changing world that is ever more competitive and saturated with informative noise, it is essential to stand out and find what defines your project and sets it apart, because that is its identity and what makes communication effective. It is vital for us to communicate with earnest, honesty and passion, as that is the only way we conceive communication.<\/p>\n<p style=\"text-align: justify; color: #fff;\">In 2013 Deborah Palomo, Elio Segu\u00ed and Nuria Terr\u00f3n decided to create ELLAS COMUNICACI\u00d3N. Each with a long track record as heads of communication, they decided to join forces to do what they love and are best at: promoting, developing and implementing comprehensive communication strategies suited to the individual needs of each project.<\/p>\n<p>[\/vc_column_text][\/vc_column_inner][vc_column_inner width=&#8221;1\/2&#8243;]<div class=\"to-spacer \" style=\"height:52px\"><\/div>[vc_single_image image=&#8221;4074&#8243; img_size=&#8221;full&#8221; alignment=&#8221;center&#8221;][\/vc_column_inner][\/vc_row_inner][\/vc_column][\/vc_row]<\/p>\n","protected":false},"excerpt":{"rendered":"<p>[vc_row][vc_column][vc_single_image image=&#8221;3957&#8243; img_size=&#8221;full&#8221; alignment=&#8221;center&#8221;][vc_column_text] Experts in communication and promotion in cultural and artistic industries [\/vc_column_text][\/vc_column][\/vc_row][vc_row css=&#8221;.vc_custom_1452854373833{padding-top: 90px !important;padding-bottom: 50px !important;background-color: #ffc803 !important;}&#8221;][vc_column][vc_row_inner][vc_column_inner width=&#8221;1\/2&#8243;][vc_column_text] essence. (From Lat. essent\u012da) The inherent, unchanging nature of a thing or class of things. The intrinsic or indispensable properties that serve to characterize or identify something. [\/vc_column_text][vc_column_text] \u201cAt ELLAS, we believe that the key lies in stripping an idea all the way down to its essence, and using that essence to build the communication strategy that each project requires.\u201d [\/vc_column_text][vc_column_text] In an increasingly homogeneous yet changing world that is ever more competitive and saturated with informative noise, it is essential to stand out and find what defines your project and sets it apart, because that is its identity and what makes communication effective. It is vital for us to communicate with earnest, honesty and passion, as that is the only way we conceive communication. In 2013<\/p>\n","protected":false},"author":2,"featured_media":0,"parent":0,"menu_order":0,"comment_status":"closed","ping_status":"closed","template":"","meta":{"footnotes":""},"class_list":["post-4651","page","type-page","status-publish","hentry"],"_links":{"self":[{"href":"https:\/\/ellascomunicacion.com\/en\/wp-json\/wp\/v2\/pages\/4651","targetHints":{"allow":["GET"]}}],"collection":[{"href":"https:\/\/ellascomunicacion.com\/en\/wp-json\/wp\/v2\/pages"}],"about":[{"href":"https:\/\/ellascomunicacion.com\/en\/wp-json\/wp\/v2\/types\/page"}],"author":[{"embeddable":true,"href":"https:\/\/ellascomunicacion.com\/en\/wp-json\/wp\/v2\/users\/2"}],"replies":[{"embeddable":true,"href":"https:\/\/ellascomunicacion.com\/en\/wp-json\/wp\/v2\/comments?post=4651"}],"version-history":[{"count":4,"href":"https:\/\/ellascomunicacion.com\/en\/wp-json\/wp\/v2\/pages\/4651\/revisions"}],"predecessor-version":[{"id":4940,"href":"https:\/\/ellascomunicacion.com\/en\/wp-json\/wp\/v2\/pages\/4651\/revisions\/4940"}],"wp:attachment":[{"href":"https:\/\/ellascomunicacion.com\/en\/wp-json\/wp\/v2\/media?parent=4651"}],"curies":[{"name":"wp","href":"https:\/\/api.w.org\/{rel}","templated":true}]}}