{"id":4647,"date":"2015-12-29T14:49:47","date_gmt":"2015-12-29T14:49:47","guid":{"rendered":"http:\/\/ellascomunicacion.com\/nosotras-2"},"modified":"2024-12-10T08:16:53","modified_gmt":"2024-12-10T08:16:53","slug":"nosotras","status":"publish","type":"page","link":"https:\/\/ellascomunicacion.com\/en\/nosotras","title":{"rendered":"The team"},"content":{"rendered":"<p>[vc_row][vc_column]<div class=\"to-spacer \" style=\"height:71px\"><\/div>[vc_single_image image=&#8221;3857&#8243; img_size=&#8221;full&#8221; alignment=&#8221;center&#8221;]<div class=\"to-spacer \" style=\"height:29px\"><\/div>[vc_column_text]<\/p>\n<p style=\"text-align: center;\"><strong>Experts <\/strong>in communication and promotion in cultural and artistic industries<\/p>\n<p>[\/vc_column_text]<div class=\"to-divider-holder\"><div class=\"to-divider\" style=\"width:50%;border-top:1px solid #f2eded;\"><\/div><\/div>[\/vc_column][\/vc_row][vc_row][vc_column]<div class=\"to-spacer \" style=\"height:52px\"><\/div>[\/vc_column][\/vc_row][vc_row][vc_column][vc_single_image image=&#8221;7912&#8243; img_size=&#8221;large&#8221; alignment=&#8221;center&#8221;][vc_column_text]<\/p>\n<p style=\"text-align: center;\"><span class=\"fotografo\">Photo by Antonio Terr\u00f3n<\/span><\/p>\n<p>[\/vc_column_text][\/vc_column][\/vc_row][vc_row][vc_column]<div class=\"to-spacer \" style=\"height:52px\"><\/div>[\/vc_column][\/vc_row][vc_row][vc_column][vc_column_text]<\/p>\n<h2 style=\"text-align: center;\"><span class=\"h2_name\">Deborah<\/span> Palomo<\/h2>\n<p>[\/vc_column_text]<div class=\"to-divider-holder\"><div class=\"to-divider\" style=\"width:100%;border-top:1px solid #eae5e5;\"><\/div><\/div><div class=\"to-spacer \" style=\"height:19px\"><\/div>[vc_column_text]<\/p>\n<p style=\"text-align: center;\"><small><span style=\"color: #000;\"><a href=\"mailto:deborah@ellascomunicacion.com\">deborah@ellascomunicacion.com<\/a><\/span><\/small><\/p>\n<p>[\/vc_column_text]<div class=\"to-spacer \" style=\"height:19px\"><\/div>[\/vc_column][\/vc_row][vc_row][vc_column width=&#8221;1\/2&#8243; delay=&#8221;0ms&#8221; css=&#8221;.vc_custom_1451401593428{padding-right: 20px !important;}&#8221;][vc_column_text]<\/p>\n<p style=\"text-align: justify;\">With a degree in Information Sciences from the Autonomous University of Barcelona, Deborah boasts a wealth and variety of experience in the media field, which she first became acquainted with as a journalist in various areas (news, current affairs magazines and information relating to film), later specialising in film and TV as Head of Press.<\/p>\n<p style=\"text-align: justify;\">In 2004, the Almod\u00f3var brothers, Agust\u00edn and Pedro, recruited her as Head of Communication for the production firm EL DESEO and for Pedro Almod\u00f3var in Spain, where she worked alongside them for eight years.<\/p>\n<p style=\"text-align: justify;\">From 2004 to 2012, Deborah was responsible for all of EL DESEO&#8217;s productions directed by Almod\u00f3var and other renowned directors, including:<br \/>\n<em>The Skin I Live In, Broken Embraces, Volver, The Holy Girl, The Headless Woman, La Vida Secreta de las Palabras, My Prison Yard, Jos\u00e9 &amp; Pilar, Caravana, C\u00e9sar &amp; Zain, El Cobrador: In God We Trust, The Last Summer of La Boyita, and the TV series Mujeres.<\/em><\/p>\n<p>[\/vc_column_text][\/vc_column][vc_column width=&#8221;1\/2&#8243; delay=&#8221;0ms&#8221;][vc_column_text]<\/p>\n<p style=\"text-align: justify;\">Before that, she spent just under six years working for the distributor and producer FILMAX, where she was in charge of management tasks relating to presence at national and international festivals. Deborah worked as part of a team to promote no end of films \u2013 <em>Amores Perros, The Machinist, The Nameless, Darkness, Open<\/em> Range and <em>Being Julia<\/em>, to name just a few \u2013, as well as working on press campaigns with a number of international artists including Alejandro Gonz\u00e1lez I\u00f1arritu, Harrison Ford, Annette Bening, Kevin Costner, Kathryn Bigelow and Christian Bale.<\/p>\n<p style=\"text-align: justify;\">Today, her vast experience has led her together with <strong>ELLAS COMUNICACI\u00d3N<\/strong> to provide global communication services in different cultural disciplines, as well as lending customised guidance for artists in terms of their image, strategy and media placement.<\/p>\n<p>[\/vc_column_text][\/vc_column][\/vc_row][vc_row][vc_column]<div class=\"to-spacer \" style=\"height:52px\"><\/div>[\/vc_column][\/vc_row][vc_row][vc_column][vc_column_text]<\/p>\n<h2 style=\"text-align: center;\"><span class=\"h2_name\">Elio<\/span> Segu\u00ed<\/h2>\n<p>[\/vc_column_text]<div class=\"to-divider-holder\"><div class=\"to-divider\" style=\"width:100%;border-top:1px solid #eae5e5;\"><\/div><\/div><div class=\"to-spacer \" style=\"height:19px\"><\/div>[vc_column_text]<\/p>\n<p style=\"text-align: center;\"><small><span style=\"color: #000;\"><a href=\"mailto:elio@ellascomunicacion.com\">elio@ellascomunicacion.com<\/a><\/span><\/small><\/p>\n<p>[\/vc_column_text]<div class=\"to-spacer \" style=\"height:19px\"><\/div>[\/vc_column][\/vc_row][vc_row][vc_column width=&#8221;1\/2&#8243; delay=&#8221;0ms&#8221; css=&#8221;.vc_custom_1451401223915{padding-right: 10px !important;}&#8221;][vc_column_text]<\/p>\n<p style=\"text-align: justify;\">With a Law Degree from the Carlos III University in Madrid and having specialised in business management at London&#8217;s Westminster College, Elio is an expert in film communication and boasts a wealth of knowledge in the various media and professional profiles, with significant experience and renown in the audiovisual sector.<\/p>\n<p style=\"text-align: justify;\">She has worked as Head of Communication for the last twelve years, firstly at TESELA PRODUCCIONES CINEMATOGR\u00c1FICAS, and then for AT\u00cdPICA FILMS. Her work has not only involved developing and implementing communication campaigns for their productions, but also applying branding for directors and new actors.<\/p>\n<p style=\"text-align: justify;\">Elio has often worked with professionals that were unknown to the media, leading their image campaigns right from the inception of the project to ensure that, when the time came for their commercial launch, those \u201cunknown\u201d artists would be chased by the media.<\/p>\n<p style=\"text-align: justify;\">In fact, some of the most outstanding directors and actors on today&#8217;s cultural scene embarked on their professional journey with TESELA and came to fame guided by Elio Segu\u00ed, including:<\/p>\n<p>[\/vc_column_text][\/vc_column][vc_column width=&#8221;1\/2&#8243; delay=&#8221;0ms&#8221; css=&#8221;.vc_custom_1451401229821{padding-left: 10px !important;}&#8221;][vc_column_text]<\/p>\n<p style=\"text-align: justify;\">Daniel S\u00e1nchez Ar\u00e9valo, Achero Ma\u00f1as, Juan Jos\u00e9 Ballesta, Alberto Rodr\u00edguez, \u00d3scar Jaenada, Santi Amodeo,Teresa Hurtado, Jes\u00fas Carroza, Antonio de la Torre, Adriana Ugarte, Ra\u00fal Ar\u00e9valo, Esperanza Pedre\u00f1o, Alex O\u2019Dogherty, Adrian Lastra, Juli\u00e1n Villagr\u00e1n, Trist\u00e1n and David Ulloa, \u00c1ngeles G\u00f3nzalez-Sinde, Blanca Romero and many, many more.<\/p>\n<p style=\"text-align: justify;\">Standing out in her career on the international scene are titles such as Roma by Adolfo Aristarain, The Wind by Eduardo Mignogna, and Elsa &amp; Fred by Marcos Carnevale, all of whom are professionals of great renown in their home countries. On the Spanish scene, mention should be made of <em>November, 7 Virgins, DarkBlueAlmostBlack, Pudor, After, Cousinhood, Unit 7, Family United and Marshland.<\/em><\/p>\n<p style=\"text-align: justify;\">Elio&#8217;s wealth of experience in communication and production has allowed her to efficiently manage different events, interviews, conferences, press conferences and so on, whenever a carefully designed communication plan is needed. Her deep knowledge of the professionals who work in the different media, together with her ability to prioritise the needs of each one are the keys to the success of every project she works on.<\/p>\n<p>[\/vc_column_text][\/vc_column][\/vc_row][vc_row][vc_column]<div class=\"to-spacer \" style=\"height:52px\"><\/div>[\/vc_column][\/vc_row][vc_row][vc_column][vc_column_text]<\/p>\n<h2 style=\"text-align: center;\"><span class=\"h2_name\">Nuria<\/span> Terr\u00f3n<\/h2>\n<p>[\/vc_column_text]<div class=\"to-divider-holder\"><div class=\"to-divider\" style=\"width:100%;border-top:1px solid #eae5e5;\"><\/div><\/div><div class=\"to-spacer \" style=\"height:19px\"><\/div>[vc_column_text]<\/p>\n<p style=\"text-align: center;\"><span style=\"color: #000;\"><a href=\"mailto:nuria@ellascomunicacion.com\">nuria@ellascomunicacion.com<\/a><\/span><\/p>\n<p>[\/vc_column_text]<div class=\"to-spacer \" style=\"height:19px\"><\/div>[\/vc_column][\/vc_row][vc_row][vc_column width=&#8221;1\/2&#8243; delay=&#8221;0ms&#8221; css=&#8221;.vc_custom_1451401236409{padding-right: 10px !important;}&#8221;][vc_column_text]<\/p>\n<p style=\"text-align: justify;\">With a Degree in Spanish Philology from the Complutense University of Madrid and a Master&#8217;s in Cultural Management from the University of Barcelona, Nuria embarked on her professional journey as a freelance writer for various media.<\/p>\n<p style=\"text-align: justify;\">She spent more than six years developing her career abroad in the university academic field. Nuria has lectured at the National University of Malaysia (Kuala Lumpur) and at the Guangdong University of Foreign Studies (Guangzhou), and has also worked as cultural manager in close collaboration with several Spanish institutions abroad: The Spanish Embassy in Malaysia, the Spanish Consulate in Guangdong, as well as the Cervantes Institutes in Kuala Lumpur and Beijing.<\/p>\n<p style=\"text-align: justify;\">Nuria has had a hand in organising all kinds of cultural events, with special mention to be made of her planning and producing the first two editions of the Spanish Film Festival in Kuala Lumpur.<\/p>\n<p>[\/vc_column_text][\/vc_column][vc_column width=&#8221;1\/2&#8243; delay=&#8221;0ms&#8221; css=&#8221;.vc_custom_1451401242735{padding-left: 10px !important;}&#8221;][vc_column_text]<\/p>\n<p style=\"text-align: justify;\">She has worked together with Elio Segu\u00ed taking care of communication for the V\u00edctor Ullate Dance Company since 2013, when she also became part of <strong>ELLAS COMUNICACI\u00d3N<\/strong> alongside Elio Segu\u00ed and Deborah Palomo, providing comprehensive communication services in such noteworthy films as \u00bfQui\u00e9n mat\u00f3 a Bambi? (Santi Amodeo), Marshland (Alberto Rodr\u00edguez), Easy Sex, Sad Movies (Alejo Flah), A Perfect Day (Fernando Le\u00f3n de Aranoa) and Wednesdays Don&#8217;t Exist (Peris Romano).<\/p>\n<p>[\/vc_column_text][\/vc_column][\/vc_row][vc_row][vc_column]<div class=\"to-spacer \" style=\"height:101px\"><\/div>[\/vc_column][\/vc_row][vc_row to_section_layout=&#8221;full-width&#8221;][vc_column delay=&#8221;0ms&#8221;][vc_single_image image=&#8221;3477&#8243; img_size=&#8221;full&#8221; alignment=&#8221;center&#8221; css=&#8221;.vc_custom_1451402390960{padding-top: 20px !important;padding-bottom: 20px !important;background-color: #f7be68 !important;}&#8221;][\/vc_column][\/vc_row]<\/p>\n","protected":false},"excerpt":{"rendered":"<p>[vc_row][vc_column][vc_single_image image=&#8221;3857&#8243; img_size=&#8221;full&#8221; alignment=&#8221;center&#8221;][vc_column_text] Experts in communication and promotion in cultural and artistic industries [\/vc_column_text][\/vc_column][\/vc_row][vc_row][vc_column][\/vc_column][\/vc_row][vc_row][vc_column][vc_single_image image=&#8221;7912&#8243; img_size=&#8221;large&#8221; alignment=&#8221;center&#8221;][vc_column_text] Photo by Antonio Terr\u00f3n [\/vc_column_text][\/vc_column][\/vc_row][vc_row][vc_column][\/vc_column][\/vc_row][vc_row][vc_column][vc_column_text] Deborah Palomo [\/vc_column_text][vc_column_text] deborah@ellascomunicacion.com [\/vc_column_text][\/vc_column][\/vc_row][vc_row][vc_column width=&#8221;1\/2&#8243; delay=&#8221;0ms&#8221; css=&#8221;.vc_custom_1451401593428{padding-right: 20px !important;}&#8221;][vc_column_text] With a degree in Information Sciences from the Autonomous University of Barcelona, Deborah boasts a wealth and variety of experience in the media field, which she first became acquainted with as a journalist in various areas (news, current affairs magazines and information relating to film), later specialising in film and TV as Head of Press. In 2004, the Almod\u00f3var brothers, Agust\u00edn and Pedro, recruited her as Head of Communication for the production firm EL DESEO and for Pedro Almod\u00f3var in Spain, where she worked alongside them for eight years. From 2004 to 2012, Deborah was responsible for all of EL DESEO&#8217;s productions directed by Almod\u00f3var and other renowned directors, including: The Skin I Live In, Broken Embraces,<\/p>\n","protected":false},"author":2,"featured_media":0,"parent":0,"menu_order":0,"comment_status":"closed","ping_status":"closed","template":"","meta":{"footnotes":""},"class_list":["post-4647","page","type-page","status-publish","hentry"],"_links":{"self":[{"href":"https:\/\/ellascomunicacion.com\/en\/wp-json\/wp\/v2\/pages\/4647","targetHints":{"allow":["GET"]}}],"collection":[{"href":"https:\/\/ellascomunicacion.com\/en\/wp-json\/wp\/v2\/pages"}],"about":[{"href":"https:\/\/ellascomunicacion.com\/en\/wp-json\/wp\/v2\/types\/page"}],"author":[{"embeddable":true,"href":"https:\/\/ellascomunicacion.com\/en\/wp-json\/wp\/v2\/users\/2"}],"replies":[{"embeddable":true,"href":"https:\/\/ellascomunicacion.com\/en\/wp-json\/wp\/v2\/comments?post=4647"}],"version-history":[{"count":5,"href":"https:\/\/ellascomunicacion.com\/en\/wp-json\/wp\/v2\/pages\/4647\/revisions"}],"predecessor-version":[{"id":10241,"href":"https:\/\/ellascomunicacion.com\/en\/wp-json\/wp\/v2\/pages\/4647\/revisions\/10241"}],"wp:attachment":[{"href":"https:\/\/ellascomunicacion.com\/en\/wp-json\/wp\/v2\/media?parent=4647"}],"curies":[{"name":"wp","href":"https:\/\/api.w.org\/{rel}","templated":true}]}}